{"id":771,"date":"2019-01-13T14:44:58","date_gmt":"2019-01-13T14:44:58","guid":{"rendered":"http:\/\/www.teste.lanchonete.org\/?page_id=771"},"modified":"2021-05-05T14:36:36","modified_gmt":"2021-05-05T17:36:36","slug":"imprensa","status":"publish","type":"page","link":"https:\/\/lanchonete.org\/en\/sobre\/imprensa\/","title":{"rendered":"press"},"content":{"rendered":"<p><span style=\"font-weight: 400;\">Here is a mixture of press coverage on Lanchonete.org as well as texts by its participants on the project and related urban issues.\u00a0<\/span>View Residency Unlimited DIALOGUES interviews with Todd Lanier Lester, Gwylene Gallimard &amp; Jean-Marie Mauclet <a href=\"http:\/\/www.residencyunlimited.org\/dialogue\/lanchonete\/\">here<\/a>.<\/p>\n<hr \/>\n<h2>2019<\/h2>\n<p><a href=\"https:\/\/artcontexto.com.br\/portfolio\/curadoria-coletiva-taline-frantz\/\">&#8220;Curadoria coletiva como alternativa \u00e0 narrativa hegem\u00f4nica&#8221;<\/a><\/p>\n<p><a href=\"https:\/\/revistaarqurb.com.br\/arqurb\/article\/view\/43\">\u201cS\u00e3o Paulo, um mosaico visto a partir da Rua Paim\u201d \u2013 Arq.Urb #23<\/a><\/p>\n<p><a href=\"http:\/\/lanchonete.org\/wp-content\/uploads\/2020\/09\/43-Texto-do-artigo-73-1-10-20191206-1.pdf\">S\u00e3o Paulo, um mosaico visto a partir da Rua Paim (PT)<\/a><\/p>\n<p><a href=\"http:\/\/lanchonete.org\/wp-content\/uploads\/2020\/09\/43-Texto-do-artigo-74-1-10-20191206-2.pdf\">S\u00e3o Paulo, a mosaic as viewed from Paim Street (ING)<\/a><\/p>\n<p><a href=\"https:\/\/f780f80c-7d0f-4a1b-8fba-aec2bb15f6d1.filesusr.com\/ugd\/dfd8e8_40a7d5d819a340bebdb397a848b60019.pdf\" target=\"_blank\" rel=\"noopener\">Occupation Cultural Centers &amp; Cultural Agents in S\u00e3o Paulo<\/a>\u00a0(full text from\u00a0<em>Guia dos lugares dif\u00edceis de S\u00e3o Paulo<\/em>)<\/p>\n<hr \/>\n<h2>2018<\/h2>\n<p><a href=\"https:\/\/artnews.lt\/globalus-meno-rytai-istrige-tarp-globaliu-pietu-ir-siaures-tarp-brazilijos-ir-kinijos-ispudziai-po-kelioniu-po-meno-dziungles-49618\"><span style=\"font-weight: 400;\">Global\u016bs (meno) Rytai: \u012fstrig\u0119 tarp Globali\u0173 Piet\u0173 ir \u0160iaur\u0117s, tarp Brazilijos ir Kinijos. \u012esp\u016bd\u017eiai i\u0161 po kelioni\u0173 po meno d\u017eiungles (ArtNews, Lithuania)<\/span><\/a><\/p>\n<p>&nbsp;<\/p>\n<hr \/>\n<h2>2017<\/h2>\n<p><a href=\"https:\/\/f780f80c-7d0f-4a1b-8fba-aec2bb15f6d1.filesusr.com\/ugd\/dfd8e8_eb98cf59e0544a6f9fa823f92ac7dce9.pdf\" target=\"_blank\" rel=\"noopener\">Using Art Terms to Refer to Community Organizing<\/a>\u00a0(lecture text for\u00a0KTH Royal Institute of Technology in Stockholm)<\/p>\n<p><span style=\"font-weight: 400;\"><a href=\"https:\/\/artnews.lt\/globalus-meno-rytai-istrige-tarp-globaliu-pietu-ir-siaures-tarp-brazilijos-ir-kinijos-ispudziai-po-kelioniu-po-meno-dziungles-49618\">Soul Food, Essen in globalen Zeiten<\/a>\u00a0<\/span><\/p>\n<p><a href=\"https:\/\/www.eltelegrafo.com.ec\/noticias\/cultura\/7\/no-lugar-prepara-segunda-edicion-del-queer-city\"><span style=\"font-weight: 400;\">No Lugar prepara segunda edici\u00f3n del &#8216;Queer City&#8217;<\/span><\/a><\/p>\n<p><a href=\"https:\/\/nolugar.org\/2017\/06\/16\/queer-city-quito\/\"><span style=\"font-weight: 400;\">Queer City Quito @ NoLugar<\/span><\/a><\/p>\n<p><a href=\"https:\/\/nolugar.org\/2017\/06\/15\/ataqueridas-pato-hebert-queer-city-quito\/\"><span style=\"font-weight: 400;\">Ataqueridas, Pato Hebert \u2013 Queer City Quito<\/span><\/a><\/p>\n<p><a href=\"https:\/\/lahora.com.ec\/noticia\/1102061655\/queer-city-se-desarrolla-en-quito\"><span style=\"font-weight: 400;\">\u2018Queer City\u2019 se desarrolla en Quito<\/span><\/a><\/p>\n<p><a href=\"https:\/\/www.eltelegrafo.com.ec\/noticias\/cultura\/7\/queer-city-pone-en-dialogo-la-ciudad-y-los-cuerpos-diversos\"><span style=\"font-weight: 400;\">Queer City pone en di\u00e1logo la ciudad y los cuerpos diversos<\/span><\/a><\/p>\n<p><a href=\"https:\/\/www.elcomercio.com\/tendencias\/ciudad-queer-mirada-identidad-glbti.html\"><span style=\"font-weight: 400;\">Ciudad Queer, otra mirada de la identidad Glbti \u00a0<\/span><\/a><\/p>\n<p><a href=\"http:\/\/www.itaucultural.org.br\/arte-e-o-direito-a-cidade-lanchonete-org\"><span style=\"font-weight: 400;\">Arte e o direito \u00e0 cidade in OBSERVAT\u00d3RIO ITA\u00da CULTURAL<\/span><\/a><\/p>\n<p><span style=\"font-weight: 400;\">Profile: <\/span><a href=\"http:\/\/artseverywhere.ca\/2017\/08\/24\/nazare-brazil\/\"><span style=\"font-weight: 400;\">Nazar\u00e9 Brazil \u2013 The Cultural Occupation at S\u00e3o Jo\u00e3o<\/span><\/a><\/p>\n<p><span style=\"font-weight: 400;\">Profile: <\/span><a href=\"http:\/\/artseverywhere.ca\/2017\/08\/24\/abdoulaye\/\"><span style=\"font-weight: 400;\">Abdoulaye \u2013 The Accidental Paulistano<\/span><\/a><\/p>\n<hr \/>\n<h2>2016<\/h2>\n<p><a href=\"http:\/\/tendadelivros.org\/jornaldeborda\/wp-content\/uploads\/2016\/06\/borda-3-2016_04_28-ALTA.pdf\"><span style=\"font-weight: 400;\">Cidade Queer in Jornal de Borda<\/span><\/a><\/p>\n<p><a href=\"http:\/\/\/worldpolicy.org\/2016\/02\/25\/enclaves-of-struggle\/\"><span style=\"font-weight: 400;\">ENCLAVES OF STRUGGLE by Raphael Daibert in the World Policy Journal<\/span><\/a><\/p>\n<p><a href=\"http:\/\/worldpolicy.org\/2016\/03\/31\/african-cultural-heritage-in-brazil\/\"><span style=\"font-weight: 400;\">AFRICAN CULTURAL HERITAGE IN BRAZIL by Thiago de Paula Souza in the World Policy Journal<\/span><\/a><\/p>\n<p><a href=\"http:\/\/nobrasil.co\/lanchonete-instituto-goethe-recebem-lucia-nhamo-no-novas-diasporas-episodio-haiti\/\"><span style=\"font-weight: 400;\">LANCHONETE + INSTITUTO GOETHE RECEBEM LUCIA NHAMO NO NOVAS DI\u00c1SPORAS \u2013 EPIS\u00d3DIO HAITI<\/span><\/a><\/p>\n<p><a href=\"https:\/\/www.contemporaryand.com\/magazines\/the-tangled-histories-of-disconnected-places\/\"><span style=\"font-weight: 400;\">Ideas in Conversation: Lucia Nhamo The Tangled Histories of Disconnected Places<\/span><\/a><\/p>\n<p><a href=\"https:\/\/tecnoxamanismo.wordpress.com\/2016\/06\/13\/encontro-de-tecnoxamanismo-no-instituto-goethe-sao-paulo\/\"><span style=\"font-weight: 400;\">Encontro de Tecnoxamanismo no Instituto Goethe S\u00e3o Paulo<\/span><\/a><\/p>\n<p><a href=\"http:\/\/www.frrrkguys.com.br\/ataque-queer-confira-a-poderosa-programacao-do-evento-que-acontece-em-setembro\/\"><span style=\"font-weight: 400;\">Ataque queer! Confira a poderosa programa\u00e7\u00e3o do evento que acontece em Setembro<\/span><\/a><\/p>\n<p><a href=\"https:\/\/www.fabian-alonso.com\/ataque-cidadequeer\"><span style=\"font-weight: 400;\">Coverage of ATAQUE! (Cidade Queer)<\/span><\/a><\/p>\n<hr \/>\n<h2>2015<\/h2>\n<p><a href=\"https:\/\/f780f80c-7d0f-4a1b-8fba-aec2bb15f6d1.filesusr.com\/ugd\/dfd8e8_726ffc4f6a1b431b8e0195bba54b3f05.pdf\">Anatomy of a Durational Project: Lanchonete, 2013-2017, by Todd Lester<\/a><\/p>\n<p><a href=\"http:\/\/dialogoupr.com\/isabel-gandia-y-una-ciudad-posible-en-brasil\/\"><span style=\"font-weight: 400;\">Isabel Gand\u00eda y una ciudad posible en Brasil<\/span><\/a><\/p>\n<p><a href=\"http:\/\/worldpolicy.org\/2015\/10\/15\/immersed-in-context-jakub-szczesny\/\"><span style=\"font-weight: 400;\">IMMERSED IN CONTEXT, an interview with Polish architect Jakub Szczesny in the World Policy Journal<\/span><\/a><\/p>\n<p><a href=\"https:\/\/portal.aprendiz.uol.com.br\/2015\/11\/17\/caminhada-pelo-centro-de-sao-paulo-retoma-historia-lgbt-da-cidade\/\"><span style=\"font-weight: 400;\">Caminhada pelo centro de S\u00e3o Paulo retoma hist\u00f3ria LGBT da cidade<\/span><\/a><\/p>\n<p><a href=\"http:\/\/worldpolicy.org\/2015\/05\/12\/ribeiros-new-social-sculpture\/\"><span style=\"font-weight: 400;\">RIBEIRO\u2019S NEW SOCIAL SCULPTURE by Gian Spina in the World Policy Journal<\/span><\/a><\/p>\n<p><a href=\"http:\/\/worldpolicy.org\/2015\/04\/03\/hydrotropism-lessons-from-ficus-elastica\/\"><span style=\"font-weight: 400;\">HYDROTROPISM: LESSONS FROM FICUS ELASTICA by Thiago Gon\u00e7alves in the World Policy Journal<\/span><\/a><\/p>\n<p><a href=\"http:\/\/worldpolicy.org\/2015\/07\/21\/my-two-muggings-urban-vignettes-from-sao-paulo-part-i\/\"><span style=\"font-weight: 400;\">MY TWO MUGGINGS: URBAN VIGNETTES FROM S\u00c3O PAULO, PART I by Todd Lester in the World Policy Journal<\/span><\/a><\/p>\n<p><a href=\"http:\/\/worldpolicy.org\/2015\/10\/08\/the-transnational-urban-imaginary-urban-vignettes-from-sao-paulo-part-ii\/\"><span style=\"font-weight: 400;\">THE TRANSNATIONAL URBAN IMAGINARY: URBAN VIGNETTES FROM S\u00c3O PAULO, PART II by Todd Lester in the World Policy Journal<\/span><\/a><\/p>\n<p><span style=\"font-weight: 400;\"><a href=\"https:\/\/www.e-flux.com\/announcements\/28802\/exhibitions-and-programme-announced\/\">Lanchonete.org at 2015 Bamako Encounters<\/a> (e-flux announcement)<\/span><\/p>\n<hr \/>\n<h2>2014<\/h2>\n<p><span style=\"font-weight: 400;\">Lanchonete.org response to The Nature of Cities roundtable, <\/span><a href=\"https:\/\/www.thenatureofcities.com\/2014\/11\/02\/how-can-art-in-all-its-forms-exhibits-installations-and-provocations-be-a-better-catalyst-to-raise-awareness-support-and-momentum-for-urban-nature-and-green-spaces\/\"><span style=\"font-weight: 400;\">How can art (in all its forms), exhibits, installations and provocations be a better catalyst to raise awareness, support and momentum for urban nature and green spaces? <\/span><\/a><\/p>\n<hr \/>\n<h2>2013<\/h2>\n<p><a href=\"https:\/\/bombmagazine.org\/articles\/todd-lester\/\">Todd Lester discusses Lanchonete.org and the status of contemporary artist residencies\u00a0(BOMB interview by Lorena Vicini)<\/a><\/p>\n<p><a href=\"http:\/\/archive.sarai.net\/files\/original\/742cb52dcb9d9b6061a6ae8ac85f3810.pdf\"><span style=\"font-weight: 400;\">Lanchonete.org in SARAI Reader #9, Projections<\/span><\/a><span style=\"font-weight: 400;\"> (related\u00a0<\/span><a href=\"https:\/\/www.on-curating.org\/issue-19-reader\/interview-with-raqs-media-collective-on-the-exhibition-sarai-reader-09.html#.YI66hH1Kj_S\">review \/ interview with\u00a0Raqs Media Collective<\/a>)<\/p>\n<p><a href=\"https:\/\/artfuladministrator.files.wordpress.com\/2014\/08\/final_menu_zine_no1.pdf\"><span class=\"color_15\">Lanchonete.org launch zine for Tijuana Book Fair (Sao Paulo, 2013)<\/span><\/a><\/p>\n<p><a href=\"https:\/\/artfuladministrator.files.wordpress.com\/2013\/11\/pdf_lanchonete_preview_20131108_a.pdf\"><span class=\"color_15\">Lanchonete.org @ S\u00e3o Paulo X Bienal de Arquitetura (2013)<\/span><\/a><\/p>\n<hr \/>\n<p>Lanchonete.org participated in <a href=\"https:\/\/c1.cosmopolis.woo.cat\/en\/\">Cosmopolis #1 Collective Intelligence<\/a> (2017) in Paris at Centre Pompidou and the <a href=\"https:\/\/lanchonete.org\/en\/2015\/10\/lanchonete-org-the-10th-bamako-encounters-african-biennale-of-photography-telling-time\/\">10th Bamako Encounters, African Biennale of Photography: Telling Time<\/a> (2015), as well as the 10th and <a href=\"https:\/\/www.paim.lanchonete.org\/2017\/12\/01\/vidas-corpos-com-hiv\/\">11th S\u00e3o Paulo Architecture Biennale<\/a>s.<\/p>\n<p><span style=\"font-weight: 400;\">Lanchonete.org is a case example on the University of Coimbra&#8217;s platform, <a href=\"https:\/\/www.ces.uc.pt\/projectos\/culturizing\/?id=10659&amp;pag=13854\">Culturizing Sustainable Cities<\/a>. In February 2018 <a href=\"https:\/\/www.cidadequeer.lanchonete.org\/\">Queer City<\/a> was featured in Elle magazine (Brasil) after episodes in <\/span><a href=\"http:\/\/cuiaba.lanchonete.org\/\"><span style=\"font-weight: 400;\">Cuiab\u00e1<\/span><\/a><span style=\"font-weight: 400;\">, Quito and the original in S\u00e3o Paulo. \u00a0An <a href=\"https:\/\/www.cidadequeer.lanchonete.org\/projetos-projects\/ataque\/\">eponymous film<\/a> and <\/span><a href=\"http:\/\/www.edicoesaurora.com\/cidade-queer-uma-leitora\/\"><i><span style=\"font-weight: 400;\">cidade queer, uma leitora<\/span><\/i><\/a><span style=\"font-weight: 400;\"> (from Publication Studio) are by-products of Lanchonete.org&#8217;s longest-running inquiry. <a href=\"https:\/\/mapeamentojardinagemterritorialidade.wordpress.com\/hortas-livres-lanchonete-org\/\">A training for gardening in irregular spaces<\/a> given by Cidades sem Fome and Polish architect Jakub Szcz\u0119sny resulted in a do-it-yourself <\/span><a href=\"https:\/\/mapeamentojardinagemterritorialidade.files.wordpress.com\/2016\/05\/hortas_livres_a4.pdf\"><span style=\"font-weight: 400;\">Guide for Gardening<\/span><\/a><span style=\"font-weight: 400;\"> made with the Housing Movement and Aurora Editions. Occupation Sao Joao and Lanchonete.org feature on the WITNESS Blog, \u00a0<\/span><a href=\"https:\/\/blog.witness.org\/2014\/05\/mapping-materials-forced-evictions-toolkit\/\"><span style=\"font-weight: 400;\">Mapping Our Materials: The Forced Evictions Advocacy Toolkit Goes Global<\/span><\/a><span style=\"font-weight: 400;\">. The <a href=\"https:\/\/f780f80c-7d0f-4a1b-8fba-aec2bb15f6d1.filesusr.com\/ugd\/dfd8e8_64bdf2da6f724b39831d6053ca9ac21f.pdf\">Modes of Democracy (DOX\/Prague)<\/a> exhibit catalog; a piece on <\/span><a href=\"https:\/\/interartive.org\/2015\/02\/lanchonete-org\"><i><span style=\"font-weight: 400;\">InterArtive<\/span><\/i><\/a><span style=\"font-weight: 400;\"><a href=\"https:\/\/interartive.org\/2015\/02\/lanchonete-org\"> Platform for Contemporary Art &amp; Thought<\/a>; and the Routledge book, <\/span><a href=\"https:\/\/www.routledge.com\/Contemporary-Perspectives-on-Art-and-International-Development\/Stupples-Teaiwa\/p\/book\/9781138024700\"><span style=\"font-weight: 400;\">Contemporary Perspectives on Art and International Development<\/span><\/a><span style=\"font-weight: 400;\"> all hold the original &#8216;blueprint&#8217; for Lanchonete.org &#8230; even if a lot changed over its five-year course. <\/span><\/p>","protected":false},"excerpt":{"rendered":"<div class=\"entry-summary\">\nHere is a mixture of press coverage on Lanchonete.org as well as texts by its participants on the project and&hellip;\n<\/div>\n<div class=\"link-more\"><a href=\"https:\/\/lanchonete.org\/en\/sobre\/imprensa\/\" class=\"more-link\">Continue reading<span class=\"screen-reader-text\"> &ldquo;press&rdquo;<\/span>&hellip;<\/a><\/div>\n","protected":false},"author":1,"featured_media":0,"parent":727,"menu_order":0,"comment_status":"closed","ping_status":"closed","template":"","meta":[],"_links":{"self":[{"href":"https:\/\/lanchonete.org\/en\/wp-json\/wp\/v2\/pages\/771"}],"collection":[{"href":"https:\/\/lanchonete.org\/en\/wp-json\/wp\/v2\/pages"}],"about":[{"href":"https:\/\/lanchonete.org\/en\/wp-json\/wp\/v2\/types\/page"}],"author":[{"embeddable":true,"href":"https:\/\/lanchonete.org\/en\/wp-json\/wp\/v2\/users\/1"}],"replies":[{"embeddable":true,"href":"https:\/\/lanchonete.org\/en\/wp-json\/wp\/v2\/comments?post=771"}],"version-history":[{"count":40,"href":"https:\/\/lanchonete.org\/en\/wp-json\/wp\/v2\/pages\/771\/revisions"}],"predecessor-version":[{"id":1490,"href":"https:\/\/lanchonete.org\/en\/wp-json\/wp\/v2\/pages\/771\/revisions\/1490"}],"up":[{"embeddable":true,"href":"https:\/\/lanchonete.org\/en\/wp-json\/wp\/v2\/pages\/727"}],"wp:attachment":[{"href":"https:\/\/lanchonete.org\/en\/wp-json\/wp\/v2\/media?parent=771"}],"curies":[{"name":"wp","href":"https:\/\/api.w.org\/{rel}","templated":true}]}}